{"id":14,"date":"2025-01-25T10:48:45","date_gmt":"2025-01-25T13:48:45","guid":{"rendered":"https:\/\/likenews.com.br\/?page_id=14"},"modified":"2025-01-30T10:13:46","modified_gmt":"2025-01-30T13:13:46","slug":"sobre-nos","status":"publish","type":"page","link":"https:\/\/likenews.com.br\/?page_id=14","title":{"rendered":"Sobre N\u00f3s"},"content":{"rendered":"\t\t<div data-elementor-type=\"wp-page\" data-elementor-id=\"14\" class=\"elementor elementor-14\">\n\t\t\t\t<div class=\"elementor-element elementor-element-489717c e-flex e-con-boxed wpr-particle-no wpr-jarallax-no wpr-parallax-no wpr-sticky-section-no e-con e-parent\" data-id=\"489717c\" data-element_type=\"container\" data-e-type=\"container\" data-settings=\"{&quot;background_background&quot;:&quot;classic&quot;}\">\n\t\t\t\t\t<div class=\"e-con-inner\">\n\t\t\t\t<div class=\"elementor-element elementor-element-b42b8b3 elementor-widget elementor-widget-heading\" data-id=\"b42b8b3\" data-element_type=\"widget\" data-e-type=\"widget\" data-widget_type=\"heading.default\">\n\t\t\t\t\t<h2 class=\"elementor-heading-title elementor-size-default\">Sobre N\u00f3s<\/h2>\t\t\t\t<\/div>\n\t\t\t\t\t<\/div>\n\t\t\t\t<\/div>\n\t\t<div class=\"elementor-element elementor-element-29fd928 e-flex e-con-boxed wpr-particle-no wpr-jarallax-no wpr-parallax-no wpr-sticky-section-no e-con e-parent\" data-id=\"29fd928\" data-element_type=\"container\" data-e-type=\"container\">\n\t\t\t\t\t<div class=\"e-con-inner\">\n\t\t<div class=\"elementor-element elementor-element-b153e12 e-con-full e-flex wpr-particle-no wpr-jarallax-no wpr-parallax-no wpr-sticky-section-no e-con e-child\" data-id=\"b153e12\" data-element_type=\"container\" data-e-type=\"container\">\n\t\t\t\t<div class=\"elementor-element elementor-element-efb17ce elementor-widget elementor-widget-heading\" data-id=\"efb17ce\" data-element_type=\"widget\" data-e-type=\"widget\" data-widget_type=\"heading.default\">\n\t\t\t\t\t<h2 class=\"elementor-heading-title elementor-size-default\">Sobre N\u00f3s<\/h2>\t\t\t\t<\/div>\n\t\t\t\t<div class=\"elementor-element elementor-element-36351c8 elementor-widget elementor-widget-heading\" data-id=\"36351c8\" data-element_type=\"widget\" data-e-type=\"widget\" data-widget_type=\"heading.default\">\n\t\t\t\t\t<h2 class=\"elementor-heading-title elementor-size-default\">www.likenews.com.br<\/h2>\t\t\t\t<\/div>\n\t\t\t\t<div class=\"elementor-element elementor-element-b8832fc elementor-widget elementor-widget-text-editor\" data-id=\"b8832fc\" data-element_type=\"widget\" data-e-type=\"widget\" data-widget_type=\"text-editor.default\">\n\t\t\t\t\t\t\t\t\t<p><strong>Nossa Miss\u00e3o<\/strong> Na LikeNews, nossa miss\u00e3o \u00e9 capacitar empresas atrav\u00e9s de treinamentos de marketing e vendas, ajudando-as a alcan\u00e7ar seu verdadeiro potencial e a prosperar no mercado competitivo.<\/p><p><strong>Nossos Valores<\/strong> Na LikeNews, somos guiados por quatro valores principais:<\/p><ol start=\"1\"><li><strong>Excel\u00eancia<\/strong>: Buscamos sempre a excel\u00eancia em todos os nossos servi\u00e7os, desde o conte\u00fado dos treinamentos at\u00e9 as solu\u00e7\u00f5es de marketing oferecidas.<\/li><li><strong>Personaliza\u00e7\u00e3o<\/strong>: Acreditamos que cada empresa \u00e9 \u00fanica. Por isso, nossos treinamentos e estrat\u00e9gias s\u00e3o personalizados para atender \u00e0s necessidades espec\u00edficas de cada cliente.<\/li><li><strong>Inova\u00e7\u00e3o<\/strong>: Estamos sempre em busca de novas ideias e t\u00e9cnicas inovadoras para garantir que nossos clientes estejam \u00e0 frente das tend\u00eancias do mercado.<\/li><li><strong>Sustentabilidade<\/strong>: Comprometemo-nos a adotar pr\u00e1ticas sustent\u00e1veis em nossas opera\u00e7\u00f5es e incentivar nossos clientes a fazerem o mesmo, contribuindo para um futuro melhor.<\/li><\/ol>\t\t\t\t\t\t\t\t<\/div>\n\t\t\t\t<div class=\"elementor-element elementor-element-6a17142 elementor-align-left elementor-widget elementor-widget-button\" data-id=\"6a17142\" data-element_type=\"widget\" data-e-type=\"widget\" data-widget_type=\"button.default\">\n\t\t\t\t\t\t\t\t\t\t<a class=\"elementor-button elementor-button-link elementor-size-sm elementor-animation-shrink\" href=\"https:\/\/likenews.com.br\">\n\t\t\t\t\t\t<span class=\"elementor-button-content-wrapper\">\n\t\t\t\t\t\t\t\t\t<span class=\"elementor-button-text\">Home<\/span>\n\t\t\t\t\t<\/span>\n\t\t\t\t\t<\/a>\n\t\t\t\t\t\t\t\t<\/div>\n\t\t\t\t<\/div>\n\t\t<div class=\"elementor-element elementor-element-6195266 e-con-full e-flex wpr-particle-no wpr-jarallax-no wpr-parallax-no wpr-sticky-section-no e-con e-child\" data-id=\"6195266\" data-element_type=\"container\" data-e-type=\"container\">\n\t\t\t\t<div class=\"elementor-element elementor-element-a7edcef elementor-widget elementor-widget-image\" data-id=\"a7edcef\" data-element_type=\"widget\" data-e-type=\"widget\" data-widget_type=\"image.default\">\n\t\t\t\t\t\t\t\t\t\t\t\t\t\t\t<img fetchpriority=\"high\" decoding=\"async\" width=\"1125\" height=\"750\" src=\"https:\/\/likenews.com.br\/wp-content\/uploads\/2025\/01\/Design-sem-nome-1.gif\" class=\"attachment-full size-full wp-image-178\" alt=\"\" \/>\t\t\t\t\t\t\t\t\t\t\t\t\t\t\t<\/div>\n\t\t\t\t<\/div>\n\t\t\t\t\t<\/div>\n\t\t\t\t<\/div>\n\t\t\t\t<\/div>\n\t\t","protected":false},"excerpt":{"rendered":"<p>Sobre N\u00f3s Sobre N\u00f3s www.likenews.com.br Nossa Miss\u00e3o Na LikeNews, nossa miss\u00e3o \u00e9 capacitar empresas atrav\u00e9s de treinamentos de marketing e vendas, ajudando-as a alcan\u00e7ar seu verdadeiro potencial e a prosperar no mercado competitivo. Nossos Valores Na LikeNews, somos guiados por quatro valores principais: Excel\u00eancia: Buscamos sempre a excel\u00eancia em todos os nossos servi\u00e7os, desde o conte\u00fado dos treinamentos at\u00e9 as solu\u00e7\u00f5es de marketing oferecidas. Personaliza\u00e7\u00e3o: Acreditamos que cada empresa \u00e9 \u00fanica. Por isso, nossos treinamentos e estrat\u00e9gias s\u00e3o personalizados para atender \u00e0s necessidades espec\u00edficas de cada cliente. Inova\u00e7\u00e3o: Estamos sempre em busca de novas ideias e t\u00e9cnicas inovadoras para garantir que nossos clientes estejam \u00e0 frente das tend\u00eancias do mercado. Sustentabilidade: Comprometemo-nos a adotar pr\u00e1ticas sustent\u00e1veis em nossas opera\u00e7\u00f5es e incentivar nossos clientes a fazerem o mesmo, contribuindo para um futuro melhor. Home<\/p>\n","protected":false},"author":1,"featured_media":0,"parent":0,"menu_order":0,"comment_status":"closed","ping_status":"closed","template":"elementor_header_footer","meta":{"footnotes":""},"class_list":["post-14","page","type-page","status-publish","hentry"],"_links":{"self":[{"href":"https:\/\/likenews.com.br\/index.php?rest_route=\/wp\/v2\/pages\/14","targetHints":{"allow":["GET"]}}],"collection":[{"href":"https:\/\/likenews.com.br\/index.php?rest_route=\/wp\/v2\/pages"}],"about":[{"href":"https:\/\/likenews.com.br\/index.php?rest_route=\/wp\/v2\/types\/page"}],"author":[{"embeddable":true,"href":"https:\/\/likenews.com.br\/index.php?rest_route=\/wp\/v2\/users\/1"}],"replies":[{"embeddable":true,"href":"https:\/\/likenews.com.br\/index.php?rest_route=%2Fwp%2Fv2%2Fcomments&post=14"}],"version-history":[{"count":0,"href":"https:\/\/likenews.com.br\/index.php?rest_route=\/wp\/v2\/pages\/14\/revisions"}],"wp:attachment":[{"href":"https:\/\/likenews.com.br\/index.php?rest_route=%2Fwp%2Fv2%2Fmedia&parent=14"}],"curies":[{"name":"wp","href":"https:\/\/api.w.org\/{rel}","templated":true}]}}